{"id":98,"date":"2011-10-30T17:49:36","date_gmt":"2011-10-30T17:49:36","guid":{"rendered":"http:\/\/ww2.polishschool.org.uk\/?page_id=98"},"modified":"2025-06-18T13:51:39","modified_gmt":"2025-06-18T12:51:39","slug":"praktyczne-informacje","status":"publish","type":"page","link":"https:\/\/www.polskaszkolamanchester.org\/?page_id=98","title":{"rendered":"Praktyczne informacje"},"content":{"rendered":"<p>W szkole ucz\u0105 si\u0119 dzieci od trzeciego roku \u017cycia w trzynastu oddzia\u0142ach pod opiek\u0105 sprawdzonego i profesjonalnego personelu.<br \/>\n<span style=\"color: #000000;\">Wszystkie osoby pracuj\u0105ce z dzie\u0107mi posiadaj\u0105 aktualny certyfikat&nbsp;<\/span><a href=\"http:\/\/www.homeoffice.gov.uk\/agencies-public-bodies\/crb\/\">DBS<\/a>.<\/p>\n<p><span style=\"color: #000000;\">Zaj\u0119cia szkolne odbywaj\u0105 si\u0119 w soboty (zgodnie z<\/span> kalendarzem szkolnym) <span style=\"color: #000000;\">w godzinach od 8:45 do 12:50.<\/span><\/p>\n<p><a href=\"https:\/\/www.polskaszkolamanchester.org\/?page_id=89\" target=\"_blank\" rel=\"noopener\">W tym miejscu mo\u017cna zobaczy\u0107 szczeg\u00f3\u0142owy kalendarz z opisem uroczysto\u015bci i innych wa\u017cnych wydarze\u0144.<\/a><br \/>\n(Prosimy mie\u0107 na uwadze, \u017ce tylko aktualny kalendarz ze strony internetowej pokazuje dok\u0142adne daty. Dodatkowo kalendarz na Nowy Rok szkolny, mo\u017ce zosta\u0107 zamieszczony dopiero po wakacjach.)<\/p>\n<p><span style=\"color: #000000;\">Zaj\u0119cia s\u0105 prowadzone w budynku Saint Paul\u2019s Catholic High School, Firbank Road, Wythenshawe, Manchester, M23 2YS.<\/span><\/p>\n<p><a href=\"https:\/\/www.polskaszkolamanchester.org\/?page_id=4472\" target=\"_blank\" rel=\"noopener\">W tym miejscu znajd\u0105 pa\u0144stwo folder informacyjny dotycz\u0105cy szko\u0142y i organizacji zaj\u0119\u0107.<\/a><\/p>\n<p><span style=\"color: #000000;\">Za uczestnictwo w zaj\u0119ciach pobierane jest czesne. Czesne mo\u017cna op\u0142aci\u0107 w ca\u0142o\u015bci albo w dziesi\u0119ciu ratach.<\/span><br \/>\n<span style=\"color: #000000;\"> Czesne jest naliczane proporcjonalnie do daty zapisu.<\/span><br \/>\n<span style=\"color: #000000;\"> Szczeg\u00f3\u0142y p\u0142atno\u015bci mo\u017cna znale\u017a\u0107<\/span> <a href=\"\/?page_id=19\">tutaj<\/a>.<\/p>\n<p>Szczeg\u00f3\u0142y dotycz\u0105ce zapis\u00f3w <a href=\"https:\/\/www.polskaszkolamanchester.org\/?page_id=9334\">TUTAJ.<\/a><\/p>\n<p>&nbsp;<\/p>\n<p><em>aktualizacja 11\/07\/2023<\/em><\/p>\n<p>&nbsp;<\/p>\n","protected":false},"excerpt":{"rendered":"<p>W szkole ucz\u0105 si\u0119 dzieci od trzeciego roku \u017cycia w trzynastu oddzia\u0142ach pod opiek\u0105 sprawdzonego i profesjonalnego personelu. Wszystkie osoby<\/p>\n","protected":false},"author":4,"featured_media":0,"parent":0,"menu_order":0,"comment_status":"closed","ping_status":"closed","template":"","meta":{"ngg_post_thumbnail":0,"footnotes":""},"_links":{"self":[{"href":"https:\/\/www.polskaszkolamanchester.org\/index.php?rest_route=\/wp\/v2\/pages\/98"}],"collection":[{"href":"https:\/\/www.polskaszkolamanchester.org\/index.php?rest_route=\/wp\/v2\/pages"}],"about":[{"href":"https:\/\/www.polskaszkolamanchester.org\/index.php?rest_route=\/wp\/v2\/types\/page"}],"author":[{"embeddable":true,"href":"https:\/\/www.polskaszkolamanchester.org\/index.php?rest_route=\/wp\/v2\/users\/4"}],"replies":[{"embeddable":true,"href":"https:\/\/www.polskaszkolamanchester.org\/index.php?rest_route=%2Fwp%2Fv2%2Fcomments&post=98"}],"version-history":[{"count":19,"href":"https:\/\/www.polskaszkolamanchester.org\/index.php?rest_route=\/wp\/v2\/pages\/98\/revisions"}],"predecessor-version":[{"id":10370,"href":"https:\/\/www.polskaszkolamanchester.org\/index.php?rest_route=\/wp\/v2\/pages\/98\/revisions\/10370"}],"wp:attachment":[{"href":"https:\/\/www.polskaszkolamanchester.org\/index.php?rest_route=%2Fwp%2Fv2%2Fmedia&parent=98"}],"curies":[{"name":"wp","href":"https:\/\/api.w.org\/{rel}","templated":true}]}}