{"id":586,"date":"2014-04-04T22:55:08","date_gmt":"2014-04-04T21:55:08","guid":{"rendered":"http:\/\/www.polskaszkolamanchester.org\/?page_id=586"},"modified":"2025-12-18T20:41:03","modified_gmt":"2025-12-18T20:41:03","slug":"dokumenty-szkolne","status":"publish","type":"page","link":"https:\/\/www.polskaszkolamanchester.org\/?page_id=586","title":{"rendered":"Dokumenty szkolne"},"content":{"rendered":"\n<figure class=\"wp-block-table\"><table><tbody><tr><td>Statuty<\/td><\/tr><tr><td><a rel=\"noreferrer noopener\" href=\"https:\/\/www.polskaszkolamanchester.org\/wp-content\/uploads\/2022\/07\/Statut-Polskiej-Szkoly-Przedmiotow-Ojczystych.pdf\" target=\"_blank\">Statut Rady Opiekunczej 07-03-15<\/a> <a rel=\"noreferrer noopener\" href=\"https:\/\/www.polskaszkolamanchester.org\/wp-content\/uploads\/2022\/07\/PSSMCIO-CONSTITUTION-07-Mar-2015.pdf\" target=\"_blank\">English Version here<\/a><\/td><\/tr><tr><td><a rel=\"noreferrer noopener\" href=\"http:\/\/www.polskaszkolamanchester.org\/wp-content\/uploads\/2014\/04\/Statut-Rady-Opiekunczej-18-02-12.pdf\" target=\"_blank\">Statut Rady Opiekunczej 18-02-12<\/a><\/td><\/tr><tr><td><a rel=\"noreferrer noopener\" href=\"http:\/\/www.polskaszkolamanchester.org\/wp-content\/uploads\/2014\/04\/Statut-Rady-Opiekunczej-20-03-11.pdf\" target=\"_blank\">Statut Rady Opiekunczej 20-03-11<\/a><\/td><\/tr><tr><td><a rel=\"noreferrer noopener\" href=\"http:\/\/www.polskaszkolamanchester.org\/wp-content\/uploads\/2014\/04\/Statut-Rady-Opiekunczej-16-10-04.pdf\" target=\"_blank\">Statut Rady Opiekunczej 16-10-04<\/a><\/td><\/tr><tr><td>Regulaminy i procedury<\/td><\/tr><tr><td><a href=\"https:\/\/www.polskaszkolamanchester.org\/wp-content\/uploads\/2025\/09\/PSSMC-Use-of-Images-Policy-20250726.pdf\" target=\"_blank\" rel=\"noreferrer noopener\">Wykorzystywanie zdj\u0119\u0107 i nagra\u0144 szkolnych<\/a><\/td><\/tr><tr><td><a rel=\"noreferrer noopener\" href=\"https:\/\/www.polskaszkolamanchester.org\/wp-content\/uploads\/2023\/03\/PSSMC-Safeguarding-Policy-Statement-20230304-1.pdf\" target=\"_blank\">Bezpieczen\u015btwo i ochrona (safeguarding)<\/a><\/td><\/tr><tr><td><a rel=\"noreferrer noopener\" href=\"https:\/\/www.polskaszkolamanchester.org\/wp-content\/uploads\/2023\/03\/Zasady-uzywania-urzadzen-elektronicznych-POL-final-20230302.pdf\" target=\"_blank\">Zasady korzystania z urz\u0105dze\u0144 elektronicznych wersja polska<\/a><\/td><\/tr><tr><td><a rel=\"noreferrer noopener\" href=\"https:\/\/www.polskaszkolamanchester.org\/wp-content\/uploads\/2023\/03\/Rules-on-use-of-Electronic-Devices-ENG-final-20230302.pdf\" target=\"_blank\">Rules of use of electronic devices<\/a><\/td><\/tr><tr><td><a href=\"https:\/\/www.polskaszkolamanchester.org\/wp-content\/uploads\/2025\/09\/PSSMC-Offsite-Activities-Policy-20250726.pdf\" target=\"_blank\" rel=\"noreferrer noopener\">Dzia\u0142alno\u015b\u0107 poza terenem szko\u0142y<\/a><\/td><\/tr><tr><td><a href=\"https:\/\/www.polskaszkolamanchester.org\/wp-content\/uploads\/2025\/07\/PSSMC-Regulamin-BHP-Pol-20250721.pdf\" target=\"_blank\" rel=\"noreferrer noopener\">Bezpiecze\u0144stwo i higiena pracy (health and safety) wersja polska<\/a><\/td><\/tr><tr><td><a href=\"https:\/\/www.polskaszkolamanchester.org\/wp-content\/uploads\/2025\/07\/PSSMC-Health-and-Safety-Policy-Eng-20250721.pdf\" target=\"_blank\" rel=\"noreferrer noopener\">Bezpiecze\u0144stwo i higiena pracy (health and safety) wersja angielska<\/a><\/td><\/tr><tr><td><a rel=\"noreferrer noopener\" href=\"https:\/\/www.polskaszkolamanchester.org\/wp-content\/uploads\/2023\/03\/PSSMC-Equal-Opportunities-Policy-20230304-1.pdf\" target=\"_blank\">R\u00f3wnouprawnienie i wyr\u00f3wnywanie szans<\/a><\/td><\/tr><tr><td><a rel=\"noreferrer noopener\" href=\"https:\/\/www.polskaszkolamanchester.org\/wp-content\/uploads\/2023\/03\/PSSMC-Disciplinary-and-Grievance-Procedure-20230304-1.pdf\" target=\"_blank\">Procedury dyscyplinarne<\/a><\/td><\/tr><tr><td><a href=\"https:\/\/www.polskaszkolamanchester.org\/wp-content\/uploads\/2025\/12\/PSSMC-Child-Protection-Policy-Updated-20251125.pdf\">Zasady ochrony dzieci (Child Protection Policy)<\/a><\/td><\/tr><tr><td>GDPR<\/td><\/tr><tr><td><a href=\"https:\/\/www.polskaszkolamanchester.org\/wp-content\/uploads\/2025\/09\/PSSMC-GDPR-Privacy-Notice-20250726.pdf\" target=\"_blank\" rel=\"noreferrer noopener\">GDPR Privacy Notice<\/a><\/td><\/tr><tr><td><a href=\"https:\/\/www.polskaszkolamanchester.org\/wp-content\/uploads\/2025\/09\/PSSMC-Data-Protection-Policy-20250726.pdf\" target=\"_blank\" rel=\"noreferrer noopener\">Data Protection Policy<\/a><\/td><\/tr><\/tbody><\/table><\/figure>\n\n\n\n<div class=\"wp-block-media-text alignwide is-stacked-on-mobile\"><figure class=\"wp-block-media-text__media\"><\/figure><div class=\"wp-block-media-text__content\">\n<p><\/p>\n<\/div><\/div>\n\n\n\n<h3 class=\"wp-block-heading\"><em>aktualizacja 18\/12\/2025<\/em><\/h3>\n","protected":false},"excerpt":{"rendered":"<p>Statuty Statut Rady Opiekunczej 07-03-15 English Version here Statut Rady Opiekunczej 18-02-12 Statut Rady Opiekunczej 20-03-11 Statut Rady Opiekunczej 16-10-04<\/p>\n","protected":false},"author":4,"featured_media":0,"parent":98,"menu_order":10,"comment_status":"closed","ping_status":"closed","template":"","meta":{"ngg_post_thumbnail":0,"footnotes":""},"_links":{"self":[{"href":"https:\/\/www.polskaszkolamanchester.org\/index.php?rest_route=\/wp\/v2\/pages\/586"}],"collection":[{"href":"https:\/\/www.polskaszkolamanchester.org\/index.php?rest_route=\/wp\/v2\/pages"}],"about":[{"href":"https:\/\/www.polskaszkolamanchester.org\/index.php?rest_route=\/wp\/v2\/types\/page"}],"author":[{"embeddable":true,"href":"https:\/\/www.polskaszkolamanchester.org\/index.php?rest_route=\/wp\/v2\/users\/4"}],"replies":[{"embeddable":true,"href":"https:\/\/www.polskaszkolamanchester.org\/index.php?rest_route=%2Fwp%2Fv2%2Fcomments&post=586"}],"version-history":[{"count":33,"href":"https:\/\/www.polskaszkolamanchester.org\/index.php?rest_route=\/wp\/v2\/pages\/586\/revisions"}],"predecessor-version":[{"id":10468,"href":"https:\/\/www.polskaszkolamanchester.org\/index.php?rest_route=\/wp\/v2\/pages\/586\/revisions\/10468"}],"up":[{"embeddable":true,"href":"https:\/\/www.polskaszkolamanchester.org\/index.php?rest_route=\/wp\/v2\/pages\/98"}],"wp:attachment":[{"href":"https:\/\/www.polskaszkolamanchester.org\/index.php?rest_route=%2Fwp%2Fv2%2Fmedia&parent=586"}],"curies":[{"name":"wp","href":"https:\/\/api.w.org\/{rel}","templated":true}]}}