{"id":481,"date":"2012-01-29T17:25:45","date_gmt":"2012-01-29T17:25:45","guid":{"rendered":"http:\/\/ww2.polishschool.org.uk\/?page_id=481"},"modified":"2024-03-14T16:00:36","modified_gmt":"2024-03-14T16:00:36","slug":"internal-gallery","status":"publish","type":"page","link":"https:\/\/www.polskaszkolamanchester.org\/?page_id=481","title":{"rendered":"Galeria"},"content":{"rendered":"<p><a href=\"https:\/\/pssmc.sharepoint.com\/:f:\/s\/powiernicy\/EsHFlKGwk5NCrOdsTgdCsioBPcTq4zMcuaclQ7A-0jholw\">Najnowsza galeria<\/a><\/p>\n<p><a href=\"https:\/\/pssmc.sharepoint.com\/:f:\/s\/Rodzicie\/Eg5FmUxa-kFGioXSqpZ4wpEB2da41AIt9xYTbCgLDZG2zA\">Odznaczenie dla Jana Rapacza &#8211; Konsulat Stycze\u0144 2022<\/a><br \/>\n<a href=\"https:\/\/pssmc.sharepoint.com\/:f:\/s\/Rodzicie\/EjgdqfNyj5tImZs84y5oXBkBM_hWkkePH_URRZO4GG2SMA\">Miko\u0142aj 2021<\/a><\/p>\nngg_shortcode_0_placeholder\n<address><a href=\"http:\/\/www.polskaszkolamanchester.org\/?page_id=481\">Powr\u00f3t do galerii szkolnych zdj\u0119\u0107<\/a><\/address>\n","protected":false},"excerpt":{"rendered":"<p>Najnowsza galeria Odznaczenie dla Jana Rapacza &#8211; Konsulat Stycze\u0144 2022 Miko\u0142aj 2021 &nbsp; Powr\u00f3t do galerii szkolnych zdj\u0119\u0107<\/p>\n","protected":false},"author":4,"featured_media":0,"parent":0,"menu_order":0,"comment_status":"closed","ping_status":"closed","template":"","meta":{"ngg_post_thumbnail":0,"footnotes":""},"_links":{"self":[{"href":"https:\/\/www.polskaszkolamanchester.org\/index.php?rest_route=\/wp\/v2\/pages\/481"}],"collection":[{"href":"https:\/\/www.polskaszkolamanchester.org\/index.php?rest_route=\/wp\/v2\/pages"}],"about":[{"href":"https:\/\/www.polskaszkolamanchester.org\/index.php?rest_route=\/wp\/v2\/types\/page"}],"author":[{"embeddable":true,"href":"https:\/\/www.polskaszkolamanchester.org\/index.php?rest_route=\/wp\/v2\/users\/4"}],"replies":[{"embeddable":true,"href":"https:\/\/www.polskaszkolamanchester.org\/index.php?rest_route=%2Fwp%2Fv2%2Fcomments&post=481"}],"version-history":[{"count":41,"href":"https:\/\/www.polskaszkolamanchester.org\/index.php?rest_route=\/wp\/v2\/pages\/481\/revisions"}],"predecessor-version":[{"id":10172,"href":"https:\/\/www.polskaszkolamanchester.org\/index.php?rest_route=\/wp\/v2\/pages\/481\/revisions\/10172"}],"wp:attachment":[{"href":"https:\/\/www.polskaszkolamanchester.org\/index.php?rest_route=%2Fwp%2Fv2%2Fmedia&parent=481"}],"curies":[{"name":"wp","href":"https:\/\/api.w.org\/{rel}","templated":true}]}}