{"id":4472,"date":"2015-09-12T20:44:43","date_gmt":"2015-09-12T19:44:43","guid":{"rendered":"http:\/\/www.polskaszkolamanchester.org\/?page_id=4472"},"modified":"2025-05-15T21:19:28","modified_gmt":"2025-05-15T20:19:28","slug":"informacje-dla-rodzicow","status":"publish","type":"page","link":"https:\/\/www.polskaszkolamanchester.org\/?page_id=4472","title":{"rendered":"Informacje dla rodzic\u00f3w"},"content":{"rendered":"\n<p>Poni\u017cej link do folderu z niezb\u0119dnymi informacjami dla wszystkich rodzic\u00f3w. <strong>KA\u017bDA RODZINA MUSI ZAPOZNA\u0106<\/strong> si\u0119 z tymi informacjami.<\/p>\n\n\n\n<p><a href=\"https:\/\/pssmc.sharepoint.com\/:f:\/s\/powiernicy\/Ek_zbWO4OJBGu5FnvaDM6csBXSDax6KAZ_2FDbovIGrPBQ\" target=\"_blank\" rel=\"noreferrer noopener\">Informacje dla rodzic\u00f3w<\/a><\/p>\n\n\n\n<p><br>Je\u017celi chc\u0105 pa\u0144stwo zaktualizowa\u0107 dane osobowe swoje i\/lub swoich dzieci, prosimy o wype\u0142nienie formularza z tego linka: <a href=\"https:\/\/forms.office.com\/r\/h0vRts24M5\" target=\"_blank\" rel=\"noreferrer noopener\">Aktualizacja danych ucznia<\/a><\/p>\n\n\n\n<p><em><sub>aktualizacja 20\/09\/2024<\/sub><\/em><\/p>\n","protected":false},"excerpt":{"rendered":"<p>Poni\u017cej link do folderu z niezb\u0119dnymi informacjami dla wszystkich rodzic\u00f3w. KA\u017bDA RODZINA MUSI ZAPOZNA\u0106 si\u0119 z tymi informacjami. Informacje dla<\/p>\n","protected":false},"author":5,"featured_media":0,"parent":0,"menu_order":0,"comment_status":"closed","ping_status":"closed","template":"","meta":{"ngg_post_thumbnail":0,"footnotes":""},"_links":{"self":[{"href":"https:\/\/www.polskaszkolamanchester.org\/index.php?rest_route=\/wp\/v2\/pages\/4472"}],"collection":[{"href":"https:\/\/www.polskaszkolamanchester.org\/index.php?rest_route=\/wp\/v2\/pages"}],"about":[{"href":"https:\/\/www.polskaszkolamanchester.org\/index.php?rest_route=\/wp\/v2\/types\/page"}],"author":[{"embeddable":true,"href":"https:\/\/www.polskaszkolamanchester.org\/index.php?rest_route=\/wp\/v2\/users\/5"}],"replies":[{"embeddable":true,"href":"https:\/\/www.polskaszkolamanchester.org\/index.php?rest_route=%2Fwp%2Fv2%2Fcomments&post=4472"}],"version-history":[{"count":26,"href":"https:\/\/www.polskaszkolamanchester.org\/index.php?rest_route=\/wp\/v2\/pages\/4472\/revisions"}],"predecessor-version":[{"id":10361,"href":"https:\/\/www.polskaszkolamanchester.org\/index.php?rest_route=\/wp\/v2\/pages\/4472\/revisions\/10361"}],"wp:attachment":[{"href":"https:\/\/www.polskaszkolamanchester.org\/index.php?rest_route=%2Fwp%2Fv2%2Fmedia&parent=4472"}],"curies":[{"name":"wp","href":"https:\/\/api.w.org\/{rel}","templated":true}]}}