{"id":442,"date":"2011-11-25T17:22:17","date_gmt":"2011-11-25T17:22:17","guid":{"rendered":"http:\/\/ww2.polishschool.org.uk\/?page_id=442"},"modified":"2021-03-24T17:22:34","modified_gmt":"2021-03-24T17:22:34","slug":"program-nauczania","status":"publish","type":"page","link":"https:\/\/www.polskaszkolamanchester.org\/?page_id=442","title":{"rendered":"Program nauczania"},"content":{"rendered":"<p>Przez 70 lat nasza szko\u0142a szczyci si\u0119 uczeniem i wychowywaniem kolejnych pokole\u0144 dzieci i m\u0142odzie\u017cy. Nasze programy nauczania opieraj\u0105 si\u0119 na Wersji Podstawy programowej z 2020 r. Jest drugim tego rodzaju dokumentem powsta\u0142ym na gruncie polskiej edukacji przygotowany przez M E N Rzeczypospolitej Polskiej kt\u00f3ry zast\u0105pi\u0142 pierwsz\u0105 wersj\u0119 z roku 2010.<\/p>\n<p><strong>Nauka j\u0119zyka polskiego, literatury, geografii i dziedzictwa narodowego, w tym kultury i tradycji.<\/strong><\/p>\n<p>W klase IV gimnazjalnej program nauczania jest u\u0142o\u017cony wed\u0142ug konspektu egzaminu &nbsp;AQA GCSE (ma\u0142a matura) w j\u0119zyku polskim. <a href=\"http:\/\/aqa.org.uk\/subjects\/languages\/gcse\/polish-8688\">aqa.org.uk\/subjects\/languages\/gcse\/polish-8688<\/a>. Nauczanie jest prowadzone&nbsp; w obu j\u0119zykach i przygotowuj\u0105 uczni\u00f3w do egzamin\u00f3w &nbsp;w zakresie mowy, s\u0142uchania, &nbsp;czytania, pisania i t\u0142umaczenia.<\/p>\n<p><strong>W klasach licealnych<\/strong> uczniowie &nbsp;s\u0105 przygotowywani do egzaminu ( du\u017ca matura) AQA A level&nbsp;<a href=\"https:\/\/www.aqa.org.uk\/subjects\/languages\/as-and-a-level\/polish-7687\">aqa.org.uk\/subjects\/polish\/a-level\/polish-7687<\/a>. Program nauczania jest u\u0142o\u017cony wed\u0142ug konspektu egzaminu. Specyfikacja na poziomie A opiera si\u0119 na wiedzy, zrozumieniu i umiej\u0119tno\u015bciach zdobytych w GCSE. Stanowi zintegrowane badanie z naciskiem na j\u0119zyk, kultur\u0119 i spo\u0142ecze\u0144stwo. Rozwija cenny zakres uniwersalnych umiej\u0119tno\u015bci, w tym umiej\u0119tno\u015bci komunikacyjne, krytyczne my\u015blenie, umiej\u0119tno\u015bci badawcze i kreatywno\u015b\u0107.<\/p>\n<p><strong><u>Nasze Podr\u0119czniki \u2013<\/u><\/strong><\/p>\n<p><strong><u>J\u0119zyk polski<\/u><\/strong><\/p>\n<ul>\n<li>Elementarz 3 latka<\/li>\n<li>Maja uczy si\u0119 i bawi<\/li>\n<li>Kubu\u015b idzie do szkoly<\/li>\n<li>Jestem pierwsza klasa \u0107wiczenia i podr\u0119cznik<\/li>\n<li>Elementarz dla dzieci polonijnych<\/li>\n<li>\u0106wiczenia elementarzowe w czytaniu<\/li>\n<li>Asy z drugiej klasy \u2013 czytanka i \u0107wiczenia<\/li>\n<li>Z u\u015bmiechem i s\u0142o\u0144cem \u2013 czytanka i \u0107wiczenia<\/li>\n<li>Pi\u0119kna nasza Polska ca\u0142a \u2013 czytanka i \u0107wiczenia<\/li>\n<li>W radosnym kr\u0119gu \u2013 czytanka i \u0107wiczenia<\/li>\n<li>Serce w stron\u0119 Ojczyzny \u2013 czytanka i \u0107wiczenia<\/li>\n<li>Do kraju tego 7 \u2013 czytanka i \u0107wiczenia<\/li>\n<li>Do dzwonka z dzwonka \u2013 czytanka i \u0107wiczenia<\/li>\n<li>Do kraju tego 8 \u2013 czytanka i \u0107wiczenia<\/li>\n<li>Lekcje polskiego cz\u0119\u015b\u0107 1<\/li>\n<li>Nowe tematy do GCSE \u2013 podr\u0119cznik \u2013 \u0107wiczenia<\/li>\n<li>Lektury i filmy<\/li>\n<\/ul>\n<p>Historia&nbsp; &#8211;&nbsp; Podr\u0119cznik&nbsp;<\/p>\n<p>V &#8211; \u015bredniowiecze<br \/>\nVI &#8211; czasy nowo\u017cytne<br \/>\nVII &#8211; od niewoli do niepodleg\u0142ego pa\u0144stwa<br \/>\nVIII &#8211; od II do III Rzeczpospolitej.<\/p>\n<p>Geografia&nbsp; Podr\u0119cznik&nbsp; Geografia Polski.<\/p>\n<ul>\n<li>Klasy 6<\/li>\n<li>Klasy 7<\/li>\n<li>Klasy 8<\/li>\n<\/ul>\n<p>Religia<\/p>\n<ul>\n<li>\u017byjemy w Bo\u017cym \u015bwiecie<\/li>\n<li>Idziemy do Jezusa<\/li>\n<li>Jezus jest z nami<\/li>\n<li>Miejsce pe\u0142ne Boga<\/li>\n<\/ul>\n","protected":false},"excerpt":{"rendered":"<p>Przez 70 lat nasza szko\u0142a szczyci si\u0119 uczeniem i wychowywaniem kolejnych pokole\u0144 dzieci i m\u0142odzie\u017cy. Nasze programy nauczania opieraj\u0105 si\u0119<\/p>\n","protected":false},"author":4,"featured_media":0,"parent":0,"menu_order":0,"comment_status":"closed","ping_status":"closed","template":"","meta":{"ngg_post_thumbnail":0,"footnotes":""},"_links":{"self":[{"href":"https:\/\/www.polskaszkolamanchester.org\/index.php?rest_route=\/wp\/v2\/pages\/442"}],"collection":[{"href":"https:\/\/www.polskaszkolamanchester.org\/index.php?rest_route=\/wp\/v2\/pages"}],"about":[{"href":"https:\/\/www.polskaszkolamanchester.org\/index.php?rest_route=\/wp\/v2\/types\/page"}],"author":[{"embeddable":true,"href":"https:\/\/www.polskaszkolamanchester.org\/index.php?rest_route=\/wp\/v2\/users\/4"}],"replies":[{"embeddable":true,"href":"https:\/\/www.polskaszkolamanchester.org\/index.php?rest_route=%2Fwp%2Fv2%2Fcomments&post=442"}],"version-history":[{"count":13,"href":"https:\/\/www.polskaszkolamanchester.org\/index.php?rest_route=\/wp\/v2\/pages\/442\/revisions"}],"predecessor-version":[{"id":9464,"href":"https:\/\/www.polskaszkolamanchester.org\/index.php?rest_route=\/wp\/v2\/pages\/442\/revisions\/9464"}],"wp:attachment":[{"href":"https:\/\/www.polskaszkolamanchester.org\/index.php?rest_route=%2Fwp%2Fv2%2Fmedia&parent=442"}],"curies":[{"name":"wp","href":"https:\/\/api.w.org\/{rel}","templated":true}]}}