{"id":425,"date":"2011-11-25T16:36:58","date_gmt":"2011-11-25T16:36:58","guid":{"rendered":"http:\/\/ww2.polishschool.org.uk\/?page_id=425"},"modified":"2024-09-18T17:03:12","modified_gmt":"2024-09-18T16:03:12","slug":"administracja","status":"publish","type":"page","link":"https:\/\/www.polskaszkolamanchester.org\/?page_id=425","title":{"rendered":"Administracja"},"content":{"rendered":"<p>Codziennymi sprawami administracyjnymi, takimi jak rejestracja uczni\u00f3w oraz przyjmowanie wp\u0142at zajmuj\u0105 si\u0119 :<\/p>\n<ul>\n<li>Ewa Rojek<\/li>\n<li>Agnieszka Pr\u0119dka<\/li>\n<li>Basia G\u00f3ra<\/li>\n<li>Kamil Rojek<\/li>\n<li>Tomasz Kasi\u0144ski<\/li>\n<li>Magdalena Grzeszykowska<\/li>\n<\/ul>\n","protected":false},"excerpt":{"rendered":"<p>Codziennymi sprawami administracyjnymi, takimi jak rejestracja uczni\u00f3w oraz przyjmowanie wp\u0142at zajmuj\u0105 si\u0119 : Ewa Rojek Agnieszka Pr\u0119dka Basia G\u00f3ra Kamil<\/p>\n","protected":false},"author":4,"featured_media":0,"parent":22,"menu_order":3,"comment_status":"closed","ping_status":"closed","template":"","meta":{"ngg_post_thumbnail":0,"footnotes":""},"_links":{"self":[{"href":"https:\/\/www.polskaszkolamanchester.org\/index.php?rest_route=\/wp\/v2\/pages\/425"}],"collection":[{"href":"https:\/\/www.polskaszkolamanchester.org\/index.php?rest_route=\/wp\/v2\/pages"}],"about":[{"href":"https:\/\/www.polskaszkolamanchester.org\/index.php?rest_route=\/wp\/v2\/types\/page"}],"author":[{"embeddable":true,"href":"https:\/\/www.polskaszkolamanchester.org\/index.php?rest_route=\/wp\/v2\/users\/4"}],"replies":[{"embeddable":true,"href":"https:\/\/www.polskaszkolamanchester.org\/index.php?rest_route=%2Fwp%2Fv2%2Fcomments&post=425"}],"version-history":[{"count":13,"href":"https:\/\/www.polskaszkolamanchester.org\/index.php?rest_route=\/wp\/v2\/pages\/425\/revisions"}],"predecessor-version":[{"id":10249,"href":"https:\/\/www.polskaszkolamanchester.org\/index.php?rest_route=\/wp\/v2\/pages\/425\/revisions\/10249"}],"up":[{"embeddable":true,"href":"https:\/\/www.polskaszkolamanchester.org\/index.php?rest_route=\/wp\/v2\/pages\/22"}],"wp:attachment":[{"href":"https:\/\/www.polskaszkolamanchester.org\/index.php?rest_route=%2Fwp%2Fv2%2Fmedia&parent=425"}],"curies":[{"name":"wp","href":"https:\/\/api.w.org\/{rel}","templated":true}]}}