{"id":22,"date":"2011-10-29T16:08:10","date_gmt":"2011-10-29T15:08:10","guid":{"rendered":"http:\/\/ww2.polishschool.org.uk\/?page_id=22"},"modified":"2020-02-10T17:53:20","modified_gmt":"2020-02-10T17:53:20","slug":"o-szkole-2","status":"publish","type":"page","link":"https:\/\/www.polskaszkolamanchester.org\/?page_id=22","title":{"rendered":"O Szkole"},"content":{"rendered":"<p>Polska Szko\u0142a Nauczania Przedmiot\u00f3w Ojczystych w Manchesterze uczy: j\u0119zyka polskiego, literatury, geografii i historii polskiej, dziedzictwa narodowego, w tym kultury i tradycji oraz religii.&nbsp;<strong>G\u0142\u00f3wnym i nadrz\u0119dnym celem szko\u0142y jest wychowanie dzieci w duchu umi\u0142owania naszej Ojczyzny<\/strong>.<\/p>\n<p>Szko\u0142a przygotowuje uczni\u00f3w do maturalnych egzamin\u00f3w pa\u0144stwowych z j\u0119zyka polskiego jako obcego na poziomie GCSE i A-level. Przy szkole dzia\u0142a zesp\u00f3\u0142 taneczny. Ka\u017cdego roku szko\u0142a bierze udzia\u0142 w akademii z okazji Odzyskania Niepodleg\u0142o\u015bci, wystawia Jase\u0142ka, organizuje jarmark wile\u0144ski &#8222;Kaziuk&#8221; oraz akademi\u0119 3-go Maja. Bierze r\u00f3wnie\u017c udzia\u0142 w \u017cyciu religijnym i kulturalnym Polak\u00f3w w Manchester oraz corocznych spotkaniach uczni\u00f3w szk\u00f3\u0142 polonijnych w Laxton Hall.<\/p>\n<p>Wi\u0119cej o&nbsp;<a title=\"Historia szko\u0142y\" href=\"\/?page_id=15\">Historii szko\u0142y<\/a><\/p>\n<p>W 2013 roku szko\u0142a otrzyma\u0142a, jako jedna z nielicznych szk\u00f3\u0142, Z\u0142ot\u0105 Nagrod\u0119 \u2013 Gold Quality Framework Award, przyznawan\u0105 najlepszym szko\u0142om przez organizacj\u0119 zrzeszaj\u0105c\u0105 szko\u0142y uzupe\u0142niaj\u0105ce \u2013 National Resource Centre for Supplementary Education, nast\u0119pc\u0119 ContinYou (od kt\u00f3rej to organizacji otrzymali\u015bmy wcze\u015bniej Br\u0105zow\u0105 Nagrod\u0119 \u2013 Bronze Award).<br \/>\n<img loading=\"lazy\" decoding=\"async\" src=\"http:\/\/www.polskaszkolamanchester.org\/wp-content\/uploads\/2014\/04\/QF-gold-awards-logo.jpg\" alt=\"QF gold awards logo\" width=\"827\" height=\"591\" class=\"aligncenter size-full wp-image-1802\" srcset=\"https:\/\/www.polskaszkolamanchester.org\/wp-content\/uploads\/2014\/04\/QF-gold-awards-logo.jpg 827w, https:\/\/www.polskaszkolamanchester.org\/wp-content\/uploads\/2014\/04\/QF-gold-awards-logo-300x214.jpg 300w\" sizes=\"(max-width: 827px) 100vw, 827px\" \/><\/p>\n","protected":false},"excerpt":{"rendered":"<p>Polska Szko\u0142a Nauczania Przedmiot\u00f3w Ojczystych w Manchesterze uczy: j\u0119zyka polskiego, literatury, geografii i historii polskiej, dziedzictwa narodowego, w tym kultury<\/p>\n","protected":false},"author":4,"featured_media":0,"parent":0,"menu_order":0,"comment_status":"closed","ping_status":"closed","template":"","meta":{"ngg_post_thumbnail":0,"footnotes":""},"_links":{"self":[{"href":"https:\/\/www.polskaszkolamanchester.org\/index.php?rest_route=\/wp\/v2\/pages\/22"}],"collection":[{"href":"https:\/\/www.polskaszkolamanchester.org\/index.php?rest_route=\/wp\/v2\/pages"}],"about":[{"href":"https:\/\/www.polskaszkolamanchester.org\/index.php?rest_route=\/wp\/v2\/types\/page"}],"author":[{"embeddable":true,"href":"https:\/\/www.polskaszkolamanchester.org\/index.php?rest_route=\/wp\/v2\/users\/4"}],"replies":[{"embeddable":true,"href":"https:\/\/www.polskaszkolamanchester.org\/index.php?rest_route=%2Fwp%2Fv2%2Fcomments&post=22"}],"version-history":[{"count":12,"href":"https:\/\/www.polskaszkolamanchester.org\/index.php?rest_route=\/wp\/v2\/pages\/22\/revisions"}],"predecessor-version":[{"id":8286,"href":"https:\/\/www.polskaszkolamanchester.org\/index.php?rest_route=\/wp\/v2\/pages\/22\/revisions\/8286"}],"wp:attachment":[{"href":"https:\/\/www.polskaszkolamanchester.org\/index.php?rest_route=%2Fwp%2Fv2%2Fmedia&parent=22"}],"curies":[{"name":"wp","href":"https:\/\/api.w.org\/{rel}","templated":true}]}}