{"id":1536,"date":"2013-10-09T21:29:52","date_gmt":"2013-10-09T20:29:52","guid":{"rendered":"http:\/\/www.polskaszkolamanchester.org\/?page_id=1536"},"modified":"2024-09-13T21:18:38","modified_gmt":"2024-09-13T20:18:38","slug":"dyzury-rodzicow","status":"publish","type":"page","link":"https:\/\/www.polskaszkolamanchester.org\/?page_id=1536","title":{"rendered":"Dy\u017cury Rodzic\u00f3w"},"content":{"rendered":"<p style=\"text-align: justify;\">Ka\u017cda rodzina jest zobowi\u0105zana do wykonania 3&nbsp;dy\u017cur\u00f3w w ci\u0105gu roku szkolnego,&nbsp;roz\u0142o\u017conych na trzy semestry&nbsp;\u2013 w soboty w trakcie zaj\u0119\u0107 szkolnych, w niedziel\u0119 mszy szkolnych w kawiarence sali parafialnej, przy obs\u0142udze uroczysto\u015bci szkolnych (rozpocz\u0119cie i zako\u0144czenie roku, akademie, jase\u0142ka, itp.).<br \/>\nPrzy op\u0142acaniu czesnego pobieramy kaucj\u0119 wg <a href=\"https:\/\/www.polskaszkolamanchester.org\/?page_id=19\" target=\"_blank\" rel=\"noopener\">tabeli op\u0142at<\/a>, kt\u00f3ra zostanie w ca\u0142o\u015bci zwr\u00f3cona po wykonaniu trzeciego dy\u017curu.<\/p>\n<p>Na dy\u017cury mo\u017cna zapisa\u0107 si\u0119 osobi\u015bcie w recepcji szko\u0142y. Tam te\u017c mo\u017cna sprawdzi\u0107 stan dy\u017cur\u00f3w, zmieni\u0107 przysz\u0142y dy\u017cur (je\u017celi s\u0105 jeszcze wolne miejsca), tam r\u00f3wnie\u017c zg\u0142aszamy si\u0119 na pocz\u0105tku dnia celem odbycia dy\u017cury (tzw. Check-In).<\/p>\n<p><a href=\"https:\/\/pssmc.sharepoint.com\/:f:\/s\/powiernicy\/Ek_zbWO4OJBGu5FnvaDM6csBXSDax6KAZ_2FDbovIGrPBQ?e=xTsq4I\">Pomocne informacje w tym na temat wolontariatu dy\u017cur\u00f3w.<\/a><\/p>\n<pre><em>aktualizacja 13\/09\/2024<\/em><\/pre>\n","protected":false},"excerpt":{"rendered":"<p>Ka\u017cda rodzina jest zobowi\u0105zana do wykonania 3&nbsp;dy\u017cur\u00f3w w ci\u0105gu roku szkolnego,&nbsp;roz\u0142o\u017conych na trzy semestry&nbsp;\u2013 w soboty w trakcie zaj\u0119\u0107 szkolnych,<\/p>\n","protected":false},"author":3,"featured_media":0,"parent":0,"menu_order":0,"comment_status":"closed","ping_status":"closed","template":"","meta":{"ngg_post_thumbnail":0,"footnotes":""},"_links":{"self":[{"href":"https:\/\/www.polskaszkolamanchester.org\/index.php?rest_route=\/wp\/v2\/pages\/1536"}],"collection":[{"href":"https:\/\/www.polskaszkolamanchester.org\/index.php?rest_route=\/wp\/v2\/pages"}],"about":[{"href":"https:\/\/www.polskaszkolamanchester.org\/index.php?rest_route=\/wp\/v2\/types\/page"}],"author":[{"embeddable":true,"href":"https:\/\/www.polskaszkolamanchester.org\/index.php?rest_route=\/wp\/v2\/users\/3"}],"replies":[{"embeddable":true,"href":"https:\/\/www.polskaszkolamanchester.org\/index.php?rest_route=%2Fwp%2Fv2%2Fcomments&post=1536"}],"version-history":[{"count":23,"href":"https:\/\/www.polskaszkolamanchester.org\/index.php?rest_route=\/wp\/v2\/pages\/1536\/revisions"}],"predecessor-version":[{"id":10233,"href":"https:\/\/www.polskaszkolamanchester.org\/index.php?rest_route=\/wp\/v2\/pages\/1536\/revisions\/10233"}],"wp:attachment":[{"href":"https:\/\/www.polskaszkolamanchester.org\/index.php?rest_route=%2Fwp%2Fv2%2Fmedia&parent=1536"}],"curies":[{"name":"wp","href":"https:\/\/api.w.org\/{rel}","templated":true}]}}