{"id":15,"date":"2011-10-29T15:47:52","date_gmt":"2011-10-29T14:47:52","guid":{"rendered":"http:\/\/ww2.polishschool.org.uk\/?page_id=15"},"modified":"2026-02-02T19:41:39","modified_gmt":"2026-02-02T19:41:39","slug":"o-szkole","status":"publish","type":"page","link":"https:\/\/www.polskaszkolamanchester.org\/?page_id=15","title":{"rendered":"Historia szko\u0142y"},"content":{"rendered":"<p>Polska Szko\u0142a Przedmiot\u00f3w Ojczystych im. \u015bw. Stanis\u0142awa Kostki zosta\u0142a za\u0142o\u017cona w listopadzie w 1949 roku z inicjatywy prezesa Stowarzyszenia Polskich Kombatant\u00f3w w Manchesterze, p. M. Szczytowskiego, cz\u0142onk\u00f3w zarz\u0105du pp. Bocianowskiego, Pawlika i Walacha oraz kierownika Domu Kombatanta p. Z. Pi\u0105tkowskiego. Kierownictwo szko\u0142y obj\u0119\u0142a Olga Trybuchowska, kt\u00f3ra na tym stanowisku pracowa\u0142a 36 lat, tj. do roku 1985.<br \/>\nPo niej szko\u0142\u0105 kolejno kierowali: Ludwik Basiurski (1985-1997), Zofia Leszczy\u0144ska (1997-2002), Barbara Goodwin (2002\u20132013), Danuta Antonik (2013-2025) i Agnieszka Rutkowska (2025 &#8211; aktualnie).<\/p>\n<p style=\"text-align: left;\">Szko\u0142a rozpocz\u0119\u0142a dzia\u0142alno\u015b\u0107 z 8. uczni\u00f3w, ale rozwija\u0142a si\u0119 bardzo dynamicznie,wobec czego w 1953 r. konieczne by\u0142o otwarcie filii na Cheetham Hill. W 1960 r. szko\u0142a osi\u0105gn\u0119\u0142a stan ok. 450 uczni\u00f3w i zatrudnia\u0142a 26 nauczycieli, staj\u0105c si\u0119 tym samym drug\u0105 co do wielko\u015bci polsk\u0105 szko\u0142\u0105 w Wielkiej Brytanii. W 1951 r. przy szkole zawi\u0105za\u0142y si\u0119 dru\u017cyny zuch\u00f3w i harcerzy oraz powsta\u0142o Ko\u0142o Rodzicielskie. Przy szkole powsta\u0142 r\u00f3wnie\u017c ch\u00f3r i zesp\u00f3\u0142 taneczny &#8222;Z\u0142ote \u0141any&#8221;, kt\u00f3re wyst\u0119powa\u0142y podczas rozmaitych uroczysto\u015bci lokalnych, a tak\u017ce na innych scenach w Anglii, Szkocji, a nawet w Lille i Pary\u017cu we Francji.<br \/>\nZ biegiem lat stan liczebny uczni\u00f3w stopniowo obni\u017ca\u0142 si\u0119. Po wej\u015bciu Polski do Unii Europejskiej i przyje\u017adzie wielu Polak\u00f3w do Anglii, liczba nowych uczni\u00f3w zacz\u0119\u0142a ponownie wzrasta\u0107. W <a href=\"http:\/\/www.polskaszkolamanchester.org\/?page_id=481&amp;album=1&amp;gallery=45\">galerii<\/a>&nbsp;mo\u017cna obejrze\u0107 historyczne zdj\u0119cia szkolne.<br \/>\nAktualnie do szko\u0142y ucz\u0119szcza oko\u0142o 200 uczni\u00f3w oraz kilkudziesi\u0119ciu doros\u0142ych. Prac\u0119 woluntarn\u0105 w szkole obecnie wykonuje grono ok. 30 nauczycieli, asystent\u00f3w, a tak\u017ce katecheci i instruktorka ta\u0144c\u00f3w narodowych.<\/p>\n<p>Szko\u0142a przygotowuje uczni\u00f3w do maturalnych egzamin\u00f3w pa\u0144stwowych z j\u0119zyka polskiego jako obcego na poziomie GCSE i A-level. Ka\u017cdego roku szko\u0142a bierze udzia\u0142 w akademii z okazji Dnia Niepodleg\u0142o\u015bci, wystawia Jase\u0142ka, przygotowuje jarmark wile\u0144ski &#8222;Kaziuk&#8221; oraz organizuje akademi\u0119 3-go Maja.<br \/>\nBierze r\u00f3wnie\u017c udzia\u0142 w \u017cyciu religijnym i kulturalym Polak\u00f3w w Manchesterze oraz w corocznym spotkaniu uczni\u00f3w szk\u00f3\u0142 polonijnych w Laxton Hall.<\/p>\n<p>Dzia\u0142aj\u0105ce w ramach szko\u0142y Rada Opieku\u0144cza i Rada Rodzic\u00f3w zajmuj\u0105 si\u0119 utrzymaniem i dalszym rozwojem szko\u0142y. Szko\u0142a \u015bci\u015ble wsp\u00f3\u0142pracuje z polsk\u0105 parafi\u0105 p.w. Mi\u0142osierdzia Bo\u017cego oraz z organizacjami spo\u0142ecznymi dzia\u0142aj\u0105cymi na terenie Manchesteru. Dzia\u0142alno\u015b\u0107 naszej szko\u0142y wspiera r\u00f3wnie\u017c Polska Macierz Szkolna, kt\u00f3ra organizuje kursy i szkolenia dla nauczycieli i uczni\u00f3w oraz dostarcza pomoce naukowo-dydaktyczne. Szko\u0142a nale\u017cy r\u00f3wnie\u017c do brytyjskich organizacji wspieraj\u0105cych dzia\u0142ano\u015b\u0107 szk\u00f3\u0142 uzupe\u0142niaj\u0105cych (Manchester Supplementary Schools Network). Wysokie standardy nauczania, zosta\u0142y docenione przyznaniem szkole przez organizacj\u0119 ContinYou najpierw Bronze Quality Framework Award na koniec roku szkolnego 2010\/2011, a nast\u0119pnie Gold Quality Framework Award latem 2013 roku przez kontynuatora poprzedniej organizacji &#8211; National Centre for Supplementary Education.<\/p>\n<p>Polska Szko\u0142a Przedmiot\u00f3w Ojczystych w Manchester uczy: j\u0119zyka polskiego, literatury, geografii i historii polskiej, dziedzictwa narodowego, w tym kultury i tradycji oraz religii. Prowadzi rownie\u017c lekcje j\u0119zyka angielskiego dla rodzic\u00f3w.<br \/>\nG\u0142\u00f3wnym i nadrz\u0119dnym celem szko\u0142y jest wychowanie dzieci w duchu umi\u0142owania naszej Ojczyzny, czemu&nbsp;s\u0142u\u017cy program nauczania sk\u0142adaj\u0105cy si\u0119 z:<\/p>\n<p>* nauczania j\u0119zyka polskiego i literatury<br \/>\n* wychowania religijnego w obrz\u0105dku rzymsko-katolickim<br \/>\n* wychowania kulturowego<br \/>\n* wychowania patriotycznego<\/p>\n<p>Nasza misja to:<strong><br \/>\n<\/strong><strong>Poprzez przekazywan\u0105 wiedz\u0119 chcemy tak wychowa\u0107 uczni\u00f3w, aby byli dumni ze swego pochodzenia a w doros\u0142ym \u017cyciu, gdziekolwiek zamieszkaj\u0105, aby stali si\u0119 ambasadorami polskiej kultury i naszej bogatej polskiej tradycji.<\/strong><\/p>\n","protected":false},"excerpt":{"rendered":"<p>Polska Szko\u0142a Przedmiot\u00f3w Ojczystych im. \u015bw. Stanis\u0142awa Kostki zosta\u0142a za\u0142o\u017cona w listopadzie w 1949 roku z inicjatywy prezesa Stowarzyszenia Polskich<\/p>\n","protected":false},"author":4,"featured_media":0,"parent":22,"menu_order":1,"comment_status":"closed","ping_status":"closed","template":"","meta":{"ngg_post_thumbnail":0,"footnotes":""},"_links":{"self":[{"href":"https:\/\/www.polskaszkolamanchester.org\/index.php?rest_route=\/wp\/v2\/pages\/15"}],"collection":[{"href":"https:\/\/www.polskaszkolamanchester.org\/index.php?rest_route=\/wp\/v2\/pages"}],"about":[{"href":"https:\/\/www.polskaszkolamanchester.org\/index.php?rest_route=\/wp\/v2\/types\/page"}],"author":[{"embeddable":true,"href":"https:\/\/www.polskaszkolamanchester.org\/index.php?rest_route=\/wp\/v2\/users\/4"}],"replies":[{"embeddable":true,"href":"https:\/\/www.polskaszkolamanchester.org\/index.php?rest_route=%2Fwp%2Fv2%2Fcomments&post=15"}],"version-history":[{"count":19,"href":"https:\/\/www.polskaszkolamanchester.org\/index.php?rest_route=\/wp\/v2\/pages\/15\/revisions"}],"predecessor-version":[{"id":10470,"href":"https:\/\/www.polskaszkolamanchester.org\/index.php?rest_route=\/wp\/v2\/pages\/15\/revisions\/10470"}],"up":[{"embeddable":true,"href":"https:\/\/www.polskaszkolamanchester.org\/index.php?rest_route=\/wp\/v2\/pages\/22"}],"wp:attachment":[{"href":"https:\/\/www.polskaszkolamanchester.org\/index.php?rest_route=%2Fwp%2Fv2%2Fmedia&parent=15"}],"curies":[{"name":"wp","href":"https:\/\/api.w.org\/{rel}","templated":true}]}}