{"id":1460,"date":"2013-09-11T13:21:04","date_gmt":"2013-09-11T12:21:04","guid":{"rendered":"http:\/\/www.polskaszkolamanchester.org\/?page_id=1460"},"modified":"2025-11-08T12:49:15","modified_gmt":"2025-11-08T12:49:15","slug":"wyniki-egzaminow","status":"publish","type":"page","link":"https:\/\/www.polskaszkolamanchester.org\/?page_id=1460","title":{"rendered":"Wyniki egzamin\u00f3w"},"content":{"rendered":"\n<p><strong>Aktualizajca wynik\u00f3w za lata 2023-2024 i 2024-2025<br><\/strong>Wspania\u0142y progres uczni\u00f3w naszej szko\u0142y! W 2024 roku, jeden z naszych uczni\u00f3w dzi\u0119ki swojej sumienno\u015bci i zapa\u0142owi uzyska\u0142 znakomity wynik z egzamin\u00f3w GCSE, klasyfikuj\u0105cy go w\u015br\u00f3d 150 najlepszych uczni\u00f3w z ca\u0142ej Wielkiej Brytanii (na ponad 600 000 absolwent\u00f3w)!<strong><br><\/strong><\/p>\n\n\n\n<p>Uwaga do wynik\u00f3w:<\/p>\n\n\n\n<p><strong>Brak danych z egzamin\u00f3w GCSE i A2 w roku 2020 z powodu epidemii Covid-19.<\/strong><\/p>\n\n\n\n<p>Reforma o\u015bwiatowa dotycz\u0105ca egzamin\u00f3w wprowadzi\u0142a w ubieg\u0142ych latach nast\u0119puj\u0105ce zmiany:<br>&#8211; Zast\u0105pienie skali literowej (A* &#8211; G) z egzamin\u00f3w GCSE &#8211; skal\u0105 liczbow\u0105 (9 &#8211; 1).<br>&#8211; Likwidacja egzaminu AS z j\u0119zyka polskiego w roku 2019.<br>&#8211; Likwidacja egzaminu A2 z j\u0119zyka polskiego w roku 2020.<br>&#8211; Zast\u0105pienie dw\u00f3ch powy\u017cszych egzamin\u00f3w (AS i A2) tzw. liniowym egzaminem A-Level od roku 2020, do kt\u00f3rego kurs przygotowawczy rozpocz\u0105\u0142 si\u0119 w roku szkolnym 2018\/2019 (dotyczy r\u00f3wnie\u017c naszej szko\u0142y).<br>W poni\u017cszych tabelach zamieszczono wszystkie aktualne wyniki zgodnie ze zmianami opisanymi powy\u017cej.<\/p>\n\n\n\n<figure class=\"wp-block-table\">\n    <table>\n        <tbody>\n            <tr>\n                <td class=\"has-text-align-center\" data-align=\"center\" rowspan=\"2\"><p style=\"text-align: center;\"><strong>Rok<\/strong><\/p><\/td>\n                <td class=\"has-text-align-center\" data-align=\"center\" colspan=\"6\"><h1 style=\"text-align: center;\"><strong>GCSE oceny<\/strong><\/h1><\/td>\n                <td class=\"has-text-align-center\" data-align=\"center\" rowspan=\"2\"><p style=\"text-align: center;\"><strong>Liczba zdaj<\/strong><strong>\u0105cych<\/strong><\/p><\/td>\n            <\/tr>\n            <tr>\n                <td class=\"has-text-align-center\" data-align=\"center\"><strong>9<\/strong><\/td>\n                <td class=\"has-text-align-center\" data-align=\"center\"><strong>8<\/strong><\/td>\n                <td class=\"has-text-align-center\" data-align=\"center\"><strong>7<\/strong><\/td>\n                <td class=\"has-text-align-center\" data-align=\"center\"><strong>6<\/strong><\/td>\n                <td class=\"has-text-align-center\" data-align=\"center\"><strong>5<\/strong><\/td>\n                <td class=\"has-text-align-center\" data-align=\"center\"><strong>4-1<\/strong><\/td>\n            <\/tr>\n            <tr>\n                <td class=\"has-text-align-center\" data-align=\"center\"><strong>2025<\/strong><\/td>\n                <td class=\"has-text-align-center\" data-align=\"center\">&#8211;<\/td>\n                <td class=\"has-text-align-center\" data-align=\"center\">&#8211;<\/td>\n                <td class=\"has-text-align-center\" data-align=\"center\">&#8211;<\/td>\n                <td class=\"has-text-align-center\" data-align=\"center\">&#8211;<\/td>\n                <td class=\"has-text-align-center\" data-align=\"center\">&#8211;<\/td>\n                <td class=\"has-text-align-center\" data-align=\"center\">&#8211;<\/td>\n                <td class=\"has-text-align-center\" data-align=\"center\">brak danych<\/td>\n            <\/tr>\n            <tr>\n                <td class=\"has-text-align-center\" data-align=\"center\"><strong>2024<\/strong><\/td>\n                <td class=\"has-text-align-center\" data-align=\"center\">18<\/td>\n                <td class=\"has-text-align-center\" data-align=\"center\">&#8211;<\/td>\n                <td class=\"has-text-align-center\" data-align=\"center\">1<\/td>\n                <td class=\"has-text-align-center\" data-align=\"center\">&#8211;<\/td>\n                <td class=\"has-text-align-center\" data-align=\"center\">&#8211;<\/td>\n                <td class=\"has-text-align-center\" data-align=\"center\">&#8211;<\/td>\n                <td class=\"has-text-align-center\" data-align=\"center\">19<\/td>\n            <\/tr>\n            <tr>\n                <td class=\"has-text-align-center\" data-align=\"center\"><strong>2023<\/strong><\/td>\n                <td class=\"has-text-align-center\" data-align=\"center\">13<\/td>\n                <td class=\"has-text-align-center\" data-align=\"center\">&#8211;<\/td>\n                <td class=\"has-text-align-center\" data-align=\"center\">&#8211;<\/td>\n                <td class=\"has-text-align-center\" data-align=\"center\">&#8211;<\/td>\n                <td class=\"has-text-align-center\" data-align=\"center\">&#8211;<\/td>\n                <td class=\"has-text-align-center\" data-align=\"center\">&#8211;<\/td>\n                <td class=\"has-text-align-center\" data-align=\"center\">13<\/td>\n            <\/tr>\n            <tr>\n                <td class=\"has-text-align-center\" data-align=\"center\"><strong>2022<\/strong><\/td>\n                <td class=\"has-text-align-center\" data-align=\"center\">1<\/td>\n                <td class=\"has-text-align-center\" data-align=\"center\">10<\/td>\n                <td class=\"has-text-align-center\" data-align=\"center\">&#8211;<\/td>\n                <td class=\"has-text-align-center\" data-align=\"center\">&#8211;<\/td>\n                <td class=\"has-text-align-center\" data-align=\"center\">1<\/td>\n                <td class=\"has-text-align-center\" data-align=\"center\">&#8211;<\/td>\n                <td class=\"has-text-align-center\" data-align=\"center\">11<\/td>\n            <\/tr>\n            <tr>\n                <td class=\"has-text-align-center\" data-align=\"center\"><strong>2021<\/strong><\/td>\n                <td class=\"has-text-align-center\" data-align=\"center\">1<\/td>\n                <td class=\"has-text-align-center\" data-align=\"center\">8<\/td>\n                <td class=\"has-text-align-center\" data-align=\"center\">&#8211;<\/td>\n                <td class=\"has-text-align-center\" data-align=\"center\">&#8211;<\/td>\n                <td class=\"has-text-align-center\" data-align=\"center\">&#8211;<\/td>\n                <td class=\"has-text-align-center\" data-align=\"center\">&#8211;<\/td>\n                <td class=\"has-text-align-center\" data-align=\"center\">9<\/td>\n            <\/tr>\n            <tr>\n                <td class=\"has-text-align-center\" data-align=\"center\"><strong>2020<\/strong><\/td>\n                <td class=\"has-text-align-center\" data-align=\"center\">B\/D<\/td>\n                <td class=\"has-text-align-center\" data-align=\"center\">B\/D<\/td>\n                <td class=\"has-text-align-center\" data-align=\"center\">B\/D<\/td>\n                <td class=\"has-text-align-center\" data-align=\"center\">B\/D<\/td>\n                <td class=\"has-text-align-center\" data-align=\"center\">B\/D<\/td>\n                <td class=\"has-text-align-center\" data-align=\"center\">B\/D<\/td>\n                <td class=\"has-text-align-center\" data-align=\"center\">Brak Danych Covid-19<\/td>\n            <\/tr>\n            <tr>\n                <td class=\"has-text-align-center\" data-align=\"center\"><strong>2019<\/strong><\/td>\n                <td class=\"has-text-align-center\" data-align=\"center\">6<\/td>\n                <td class=\"has-text-align-center\" data-align=\"center\">4<\/td>\n                <td class=\"has-text-align-center\" data-align=\"center\">&#8211;<\/td>\n                <td class=\"has-text-align-center\" data-align=\"center\">&#8211;<\/td>\n                <td class=\"has-text-align-center\" data-align=\"center\">&#8211;<\/td>\n                <td class=\"has-text-align-center\" data-align=\"center\">&#8211;<\/td>\n                <td class=\"has-text-align-center\" data-align=\"center\">10<\/td>\n            <\/tr>\n        <\/tbody>\n    <\/table>\n<\/figure>\n\n\n\n<figure class=\"wp-block-table\"><table><tbody><tr><td class=\"has-text-align-center\" data-align=\"center\" rowspan=\"2\">\n<p style=\"text-align: center;\"><strong>Rok<\/strong><\/p>\n<\/td><td class=\"has-text-align-center\" data-align=\"center\" colspan=\"6\">\n<h1 style=\"text-align: center;\"><strong>GCSE oceny<\/strong><\/h1>\n<\/td><td class=\"has-text-align-center\" data-align=\"center\" rowspan=\"2\">\n<p style=\"text-align: center;\"><strong>Liczba zdaj<\/strong><strong>\u0105cych<\/strong><\/p>\n<\/td><\/tr><tr><td class=\"has-text-align-center\" data-align=\"center\"><strong>A*<\/strong><\/td><td class=\"has-text-align-center\" data-align=\"center\"><strong>A<\/strong><\/td><td class=\"has-text-align-center\" data-align=\"center\"><strong>B<\/strong><\/td><td class=\"has-text-align-center\" data-align=\"center\"><strong>C<\/strong><\/td><td class=\"has-text-align-center\" data-align=\"center\"><strong>D<\/strong><\/td><td class=\"has-text-align-center\" data-align=\"center\"><strong>E<\/strong><\/td><\/tr><tr><td class=\"has-text-align-center\" data-align=\"center\"><strong>2018<\/strong><\/td><td class=\"has-text-align-center\" data-align=\"center\">2<\/td><td class=\"has-text-align-center\" data-align=\"center\">5<\/td><td class=\"has-text-align-center\" data-align=\"center\">&#8211;<\/td><td class=\"has-text-align-center\" data-align=\"center\">&#8211;<\/td><td class=\"has-text-align-center\" data-align=\"center\">&#8211;<\/td><td class=\"has-text-align-center\" data-align=\"center\">&#8211;<\/td><td class=\"has-text-align-center\" data-align=\"center\">10*<\/td><\/tr><tr><td class=\"has-text-align-center\" data-align=\"center\"><strong>2017<\/strong><\/td><td class=\"has-text-align-center\" data-align=\"center\">6<\/td><td class=\"has-text-align-center\" data-align=\"center\">3<\/td><td class=\"has-text-align-center\" data-align=\"center\">&#8211;<\/td><td class=\"has-text-align-center\" data-align=\"center\">&#8211;<\/td><td class=\"has-text-align-center\" data-align=\"center\">&#8211;<\/td><td class=\"has-text-align-center\" data-align=\"center\">&#8211;<\/td><td class=\"has-text-align-center\" data-align=\"center\">11*<\/td><\/tr><tr><td class=\"has-text-align-center\" data-align=\"center\"><strong>2016<\/strong><\/td><td class=\"has-text-align-center\" data-align=\"center\">6<\/td><td class=\"has-text-align-center\" data-align=\"center\">1<\/td><td class=\"has-text-align-center\" data-align=\"center\">1<\/td><td class=\"has-text-align-center\" data-align=\"center\">&#8211;<\/td><td class=\"has-text-align-center\" data-align=\"center\">&#8211;<\/td><td class=\"has-text-align-center\" data-align=\"center\">&#8211;<\/td><td class=\"has-text-align-center\" data-align=\"center\">8<\/td><\/tr><tr><td class=\"has-text-align-center\" data-align=\"center\"><strong>2015<\/strong><\/td><td class=\"has-text-align-center\" data-align=\"center\">4<\/td><td class=\"has-text-align-center\" data-align=\"center\">3<\/td><td class=\"has-text-align-center\" data-align=\"center\">&#8211;<\/td><td class=\"has-text-align-center\" data-align=\"center\">&#8211;<\/td><td class=\"has-text-align-center\" data-align=\"center\">&#8211;<\/td><td class=\"has-text-align-center\" data-align=\"center\">&#8211;<\/td><td class=\"has-text-align-center\" data-align=\"center\">7<\/td><\/tr><tr><td class=\"has-text-align-center\" data-align=\"center\"><strong>2014<\/strong><\/td><td class=\"has-text-align-center\" data-align=\"center\">5<\/td><td class=\"has-text-align-center\" data-align=\"center\">6<\/td><td class=\"has-text-align-center\" data-align=\"center\">1<\/td><td class=\"has-text-align-center\" data-align=\"center\">&#8211;<\/td><td class=\"has-text-align-center\" data-align=\"center\">&#8211;<\/td><td class=\"has-text-align-center\" data-align=\"center\">&#8211;<\/td><td class=\"has-text-align-center\" data-align=\"center\">12<\/td><\/tr><tr><td class=\"has-text-align-center\" data-align=\"center\"><strong>2013<\/strong><\/td><td class=\"has-text-align-center\" data-align=\"center\">5<\/td><td class=\"has-text-align-center\" data-align=\"center\">3<\/td><td class=\"has-text-align-center\" data-align=\"center\">1<\/td><td class=\"has-text-align-center\" data-align=\"center\">&#8211;<\/td><td class=\"has-text-align-center\" data-align=\"center\">1<\/td><td class=\"has-text-align-center\" data-align=\"center\">&#8211;<\/td><td class=\"has-text-align-center\" data-align=\"center\">10<\/td><\/tr><\/tbody><\/table><\/figure>\n\n\n\n<figure class=\"wp-block-table\">\n<table>\n\t<tbody>\n\t\t<tr>\n\t\t\t<td class=\"has-text-align-center\" data-align=\"center\" rowspan=\"2\"><p style=\"text-align: center;\"><strong>Rok<\/strong><\/p>\n\t\t\t<\/td>\n\t\t\t<td class=\"has-text-align-center\" colspan=\"6\" data-align=\"center\">\n\t\t\t<h1 style=\"text-align: center;\"><strong>A Level oceny<\/strong><\/h1>\n\t\t\t<\/td>\n\t\t\t<td class=\"has-text-align-center\" data-align=\"center\" rowspan=\"2\"><p style=\"text-align: center;\"><strong>Liczba zdaj<\/strong><strong>\u0105cych<\/strong><\/p>\n\t\t\t<\/td>\n\t\t<\/tr>\n\t\t<tr>\n\t\t\t<td class=\"has-text-align-center\" data-align=\"center\"><strong>A*<\/strong><\/td>\n\t\t\t<td class=\"has-text-align-center\" data-align=\"center\"><strong>A<\/strong><\/td>\n\t\t\t<td class=\"has-text-align-center\" data-align=\"center\"><strong>B<\/strong><\/td>\n\t\t\t<td class=\"has-text-align-center\" data-align=\"center\"><strong>C<\/strong><\/td>\n\t\t\t<td class=\"has-text-align-center\" data-align=\"center\"><strong>D<\/strong><\/td>\n\t\t\t<td class=\"has-text-align-center\" data-align=\"center\"><strong>E<\/strong><\/td>\n\t\t<\/tr>\n        <tr>\n\t\t\t<td class=\"has-text-align-center\" data-align=\"center\"><strong>2025<\/strong><\/td>\n\t\t\t<td class=\"has-text-align-center\" data-align=\"center\">&#8211;<\/td>\n\t\t\t<td class=\"has-text-align-center\" data-align=\"center\">6<\/td>\n\t\t\t<td class=\"has-text-align-center\" data-align=\"center\">1<\/td>\n\t\t\t<td class=\"has-text-align-center\" data-align=\"center\">&#8211;<\/td>\n\t\t\t<td class=\"has-text-align-center\" data-align=\"center\">&#8211;<\/td>\n\t\t\t<td class=\"has-text-align-center\" data-align=\"center\">&#8211;<\/td>\n\t\t\t<td class=\"has-text-align-center\" data-align=\"center\">8 (brak danych 1 ucznia)<\/td>\n\t\t<\/tr>\n\t\t<tr>\n\t\t\t<td class=\"has-text-align-center\" data-align=\"center\"><strong>2024<\/strong><\/td>\n\t\t\t<td class=\"has-text-align-center\" data-align=\"center\">2<\/td>\n\t\t\t<td class=\"has-text-align-center\" data-align=\"center\">4<\/td>\n\t\t\t<td class=\"has-text-align-center\" data-align=\"center\">&#8211;<\/td>\n\t\t\t<td class=\"has-text-align-center\" data-align=\"center\">&#8211;<\/td>\n\t\t\t<td class=\"has-text-align-center\" data-align=\"center\">&#8211;<\/td>\n\t\t\t<td class=\"has-text-align-center\" data-align=\"center\">&#8211;<\/td>\n\t\t\t<td class=\"has-text-align-center\" data-align=\"center\">6<\/td>\n\t\t<\/tr>\n\t\t<tr>\n\t\t\t<td class=\"has-text-align-center\" data-align=\"center\"><strong>2023<\/strong><\/td>\n\t\t\t<td class=\"has-text-align-center\" data-align=\"center\">&#8211;<\/td>\n\t\t\t<td class=\"has-text-align-center\" data-align=\"center\">2<\/td>\n\t\t\t<td class=\"has-text-align-center\" data-align=\"center\">2<\/td>\n\t\t\t<td class=\"has-text-align-center\" data-align=\"center\">2<\/td>\n\t\t\t<td class=\"has-text-align-center\" data-align=\"center\">&#8211;<\/td>\n\t\t\t<td class=\"has-text-align-center\" data-align=\"center\">&#8211;<\/td>\n\t\t\t<td class=\"has-text-align-center\" data-align=\"center\">6<\/td>\n\t\t<\/tr>\n\t\t<tr>\n\t\t\t<td class=\"has-text-align-center\" data-align=\"center\"><strong>2022<\/strong><\/td>\n\t\t\t<td class=\"has-text-align-center\" data-align=\"center\">1<\/td>\n\t\t\t<td class=\"has-text-align-center\" data-align=\"center\">2<\/td>\n\t\t\t<td class=\"has-text-align-center\" data-align=\"center\">1<\/td>\n\t\t\t<td class=\"has-text-align-center\" data-align=\"center\">1<\/td>\n\t\t\t<td class=\"has-text-align-center\" data-align=\"center\">&#8211;<\/td>\n\t\t\t<td class=\"has-text-align-center\" data-align=\"center\">&#8211;<\/td>\n\t\t\t<td class=\"has-text-align-center\" data-align=\"center\">5<\/td>\n\t\t<\/tr>\n\t\t<tr>\n\t\t\t<td class=\"has-text-align-center\" data-align=\"center\"><strong>2021<\/strong><\/td>\n\t\t\t<td class=\"has-text-align-center\" data-align=\"center\">6<\/td>\n\t\t\t<td class=\"has-text-align-center\" data-align=\"center\">4<\/td>\n\t\t\t<td class=\"has-text-align-center\" data-align=\"center\">&#8211;<\/td>\n\t\t\t<td class=\"has-text-align-center\" data-align=\"center\">&#8211;<\/td>\n\t\t\t<td class=\"has-text-align-center\" data-align=\"center\">&#8211;<\/td>\n\t\t\t<td class=\"has-text-align-center\" data-align=\"center\">&#8211;<\/td>\n\t\t\t<td class=\"has-text-align-center\" data-align=\"center\">10<\/td>\n\t\t<\/tr>\n\t\t<tr>\n\t\t\t<td class=\"has-text-align-center\" data-align=\"center\"><strong>2020<\/strong><\/td>\n\t\t\t<td class=\"has-text-align-center\" data-align=\"center\">B\/D<\/td>\n\t\t\t<td class=\"has-text-align-center\" data-align=\"center\">B\/D<\/td>\n\t\t\t<td class=\"has-text-align-center\" data-align=\"center\">B\/D<\/td>\n\t\t\t<td class=\"has-text-align-center\" data-align=\"center\">B\/D<\/td>\n\t\t\t<td class=\"has-text-align-center\" data-align=\"center\">B\/D<\/td>\n\t\t\t<td class=\"has-text-align-center\" data-align=\"center\">B\/D<\/td>\n\t\t\t<td class=\"has-text-align-center\" data-align=\"center\">Brak Danych Covid-19<\/td>\n\t\t<\/tr>\n\t\t<tr>\n\t\t\t<td class=\"has-text-align-center\" data-align=\"center\"><strong>2019<\/strong><\/td>\n\t\t\t<td class=\"has-text-align-center\" data-align=\"center\">1<\/td>\n\t\t\t<td class=\"has-text-align-center\" data-align=\"center\">1<\/td>\n\t\t\t<td class=\"has-text-align-center\" data-align=\"center\">1<\/td>\n\t\t\t<td class=\"has-text-align-center\" data-align=\"center\">&#8211;<\/td>\n\t\t\t<td class=\"has-text-align-center\" data-align=\"center\">&#8211;<\/td>\n\t\t\t<td class=\"has-text-align-center\" data-align=\"center\">&#8211;<\/td>\n\t\t\t<td class=\"has-text-align-center\" data-align=\"center\">3<\/td>\n\t\t<\/tr>\n\t\t<tr>\n\t\t\t<td class=\"has-text-align-center\" data-align=\"center\"><strong>2018<\/strong><\/td>\n\t\t\t<td class=\"has-text-align-center\" data-align=\"center\">5<\/td>\n\t\t\t<td class=\"has-text-align-center\" data-align=\"center\">2<\/td>\n\t\t\t<td class=\"has-text-align-center\" data-align=\"center\">&#8211;<\/td>\n\t\t\t<td class=\"has-text-align-center\" data-align=\"center\">&#8211;<\/td>\n\t\t\t<td class=\"has-text-align-center\" data-align=\"center\">&#8211;<\/td>\n\t\t\t<td class=\"has-text-align-center\" data-align=\"center\">&#8211;<\/td>\n\t\t\t<td class=\"has-text-align-center\" data-align=\"center\">7<\/td>\n\t\t<\/tr>\n\t\t<tr>\n\t\t\t<td class=\"has-text-align-center\" data-align=\"center\"><strong>2017<\/strong><\/td>\n\t\t\t<td class=\"has-text-align-center\" data-align=\"center\">1<\/td>\n\t\t\t<td class=\"has-text-align-center\" data-align=\"center\">3<\/td>\n\t\t\t<td class=\"has-text-align-center\" data-align=\"center\">2<\/td>\n\t\t\t<td class=\"has-text-align-center\" data-align=\"center\">&#8211;<\/td>\n\t\t\t<td class=\"has-text-align-center\" data-align=\"center\">&#8211;<\/td>\n\t\t\t<td class=\"has-text-align-center\" data-align=\"center\">&#8211;<\/td>\n\t\t\t<td class=\"has-text-align-center\" data-align=\"center\">6<\/td>\n\t\t<\/tr>\n\t\t<tr>\n\t\t\t<td class=\"has-text-align-center\" data-align=\"center\"><strong>2016<\/strong><\/td>\n\t\t\t<td class=\"has-text-align-center\" data-align=\"center\">1<\/td>\n\t\t\t<td class=\"has-text-align-center\" data-align=\"center\">2<\/td>\n\t\t\t<td class=\"has-text-align-center\" data-align=\"center\">1<\/td>\n\t\t\t<td class=\"has-text-align-center\" data-align=\"center\">&#8211;<\/td>\n\t\t\t<td class=\"has-text-align-center\" data-align=\"center\">&#8211;<\/td>\n\t\t\t<td class=\"has-text-align-center\" data-align=\"center\">&#8211;<\/td>\n\t\t\t<td class=\"has-text-align-center\" data-align=\"center\">4<\/td>\n\t\t<\/tr>\n\t\t<tr>\n\t\t\t<td class=\"has-text-align-center\" data-align=\"center\"><strong>2015<\/strong><\/td>\n\t\t\t<td class=\"has-text-align-center\" data-align=\"center\">3<\/td>\n\t\t\t<td class=\"has-text-align-center\" data-align=\"center\">4<\/td>\n\t\t\t<td class=\"has-text-align-center\" data-align=\"center\">&#8211;<\/td>\n\t\t\t<td class=\"has-text-align-center\" data-align=\"center\">&#8211;<\/td>\n\t\t\t<td class=\"has-text-align-center\" data-align=\"center\">&#8211;<\/td>\n\t\t\t<td class=\"has-text-align-center\" data-align=\"center\">&#8211;<\/td>\n\t\t\t<td class=\"has-text-align-center\" data-align=\"center\">7<\/td>\n\t\t<\/tr>\n\t\t<tr>\n\t\t\t<td class=\"has-text-align-center\" data-align=\"center\"><strong>2014<\/strong><\/td>\n\t\t\t<td class=\"has-text-align-center\" data-align=\"center\">1<\/td>\n\t\t\t<td class=\"has-text-align-center\" data-align=\"center\">1<\/td>\n\t\t\t<td class=\"has-text-align-center\" data-align=\"center\">&#8211;<\/td>\n\t\t\t<td class=\"has-text-align-center\" data-align=\"center\">2<\/td>\n\t\t\t<td class=\"has-text-align-center\" data-align=\"center\">&#8211;<\/td>\n\t\t\t<td class=\"has-text-align-center\" data-align=\"center\">&#8211;<\/td>\n\t\t\t<td class=\"has-text-align-center\" data-align=\"center\">4<\/td>\n\t\t<\/tr>\n\t\t<tr>\n\t\t\t<td class=\"has-text-align-center\" data-align=\"center\"><strong>2013<\/strong><\/td>\n\t\t\t<td class=\"has-text-align-center\" data-align=\"center\">3<\/td>\n\t\t\t<td class=\"has-text-align-center\" data-align=\"center\">9<\/td>\n\t\t\t<td class=\"has-text-align-center\" data-align=\"center\">&#8211;<\/td>\n\t\t\t<td class=\"has-text-align-center\" data-align=\"center\">&#8211;<\/td>\n\t\t\t<td class=\"has-text-align-center\" data-align=\"center\">&#8211;<\/td>\n\t\t\t<td class=\"has-text-align-center\" data-align=\"center\">&#8211;<\/td>\n\t\t\t<td class=\"has-text-align-center\" data-align=\"center\">9<\/td>\n\t\t<\/tr>\n\t<\/tbody>\n<\/table>\n<\/figure>\n\n\n\n\n<figure class=\"wp-block-table\"><table><tbody><tr><td colspan=\"7\">\n<h1 style=\"text-align: center;\"><strong>AS<\/strong><\/h1>\n<\/td><\/tr><tr><td rowspan=\"2\">\n<p style=\"text-align: center;\"><strong>Rok<\/strong><\/p>\n<\/td><td colspan=\"5\">\n<p style=\"text-align: center;\"><strong>Oceny<\/strong><\/p>\n<\/td><td rowspan=\"2\">\n<p style=\"text-align: center;\"><strong>Liczba zdaj\u0105cych<\/strong><\/p>\n<\/td><\/tr><tr><td>\n<p style=\"text-align: center;\"><strong>A<\/strong><\/p>\n<\/td><td>\n<p style=\"text-align: center;\"><strong>B<\/strong><\/p>\n<\/td><td>\n<p style=\"text-align: center;\"><strong>C<\/strong><\/p>\n<\/td><td>\n<p style=\"text-align: center;\"><strong>D<\/strong><\/p>\n<\/td><td>\n<p style=\"text-align: center;\"><strong>E<\/strong><\/p>\n<\/td><\/tr><tr><td><strong>2019<\/strong><\/td><td colspan=\"5\"><strong>Departament Edukacji zadecydowa\u0142 o zlikwidowaniu egzamin\u00f3w z j\u0119zyka polskiego na poziomie AS.<\/strong><\/td><\/tr><tr><td><strong>2018<\/strong><\/td><td>\n<p style=\"text-align: center;\">2<\/p>\n<\/td><td>\n<p style=\"text-align: center;\">&#8211;<\/p>\n<\/td><td>\n<p style=\"text-align: center;\">&#8211;<\/p>\n<\/td><td>\n<p style=\"text-align: center;\">&#8211;<\/p>\n<\/td><td>\n<p style=\"text-align: center;\">&#8211;<\/p>\n<\/td><td>\n<p style=\"text-align: center;\">4*<\/p>\n<\/td><\/tr><tr><td><strong>2017<\/strong><\/td><td>\n<p style=\"text-align: center;\">5<\/p>\n<\/td><td>\n<p style=\"text-align: center;\">1<\/p>\n<\/td><td>\n<p style=\"text-align: center;\">&#8211;<\/p>\n<\/td><td>\n<p style=\"text-align: center;\">&#8211;<\/p>\n<\/td><td>\n<p style=\"text-align: center;\">&#8211;<\/p>\n<\/td><td>\n<p style=\"text-align: center;\">6<\/p>\n<\/td><\/tr><tr><td><strong>2016<\/strong><\/td><td>\n<p style=\"text-align: center;\">2<\/p>\n<\/td><td>\n<p style=\"text-align: center;\">&#8211;<\/p>\n<\/td><td>\n<p style=\"text-align: center;\">&#8211;<\/p>\n<\/td><td>\n<p style=\"text-align: center;\">&#8211;<\/p>\n<\/td><td>\n<p style=\"text-align: center;\">&#8211;<\/p>\n<\/td><td>\n<p style=\"text-align: center;\">2<\/p>\n<\/td><\/tr><tr><td><strong>2015<\/strong><\/td><td>\n<p style=\"text-align: center;\">8<\/p>\n<\/td><td>\n<p style=\"text-align: center;\">2<\/p>\n<\/td><td>\n<p style=\"text-align: center;\">&#8211;<\/p>\n<\/td><td>\n<p style=\"text-align: center;\">&#8211;<\/p>\n<\/td><td>\n<p style=\"text-align: center;\">&#8211;<\/p>\n<\/td><td>\n<p style=\"text-align: center;\">10<\/p>\n<\/td><\/tr><tr><td><strong>2014<\/strong><\/td><td>\n<p style=\"text-align: center;\">5<\/p>\n<\/td><td>\n<p style=\"text-align: center;\">&#8211;<\/p>\n<\/td><td>\n<p style=\"text-align: center;\">&#8211;<\/p>\n<\/td><td>\n<p style=\"text-align: center;\">&#8211;<\/p>\n<\/td><td>\n<p style=\"text-align: center;\">&#8211;<\/p>\n<\/td><td>\n<p style=\"text-align: center;\">5<\/p>\n<\/td><\/tr><tr><td><strong>2013<\/strong><\/td><td>\n<p style=\"text-align: center;\">6<\/p>\n<\/td><td>\n<p style=\"text-align: center;\">1<\/p>\n<\/td><td>\n<p style=\"text-align: center;\">&#8211;<\/p>\n<\/td><td>\n<p style=\"text-align: center;\">&#8211;<\/p>\n<\/td><td>\n<p style=\"text-align: center;\">&#8211;<\/p>\n<\/td><td>\n<p style=\"text-align: center;\">7<\/p>\n<\/td><\/tr><\/tbody><\/table><\/figure>\n\n\n\n<p>* Z przyczyn administracyjnych (GDPR) brak danych kilku os\u00f3b<br>\u00a0 <em>aktualizacja 08\/11\/2025<\/em><\/p>\n","protected":false},"excerpt":{"rendered":"<p>Aktualizajca wynik\u00f3w za lata 2023-2024 i 2024-2025Wspania\u0142y progres uczni\u00f3w naszej szko\u0142y! W 2024 roku, jeden z naszych uczni\u00f3w dzi\u0119ki swojej<\/p>\n","protected":false},"author":3,"featured_media":0,"parent":0,"menu_order":0,"comment_status":"closed","ping_status":"closed","template":"","meta":{"ngg_post_thumbnail":0,"footnotes":""},"_links":{"self":[{"href":"https:\/\/www.polskaszkolamanchester.org\/index.php?rest_route=\/wp\/v2\/pages\/1460"}],"collection":[{"href":"https:\/\/www.polskaszkolamanchester.org\/index.php?rest_route=\/wp\/v2\/pages"}],"about":[{"href":"https:\/\/www.polskaszkolamanchester.org\/index.php?rest_route=\/wp\/v2\/types\/page"}],"author":[{"embeddable":true,"href":"https:\/\/www.polskaszkolamanchester.org\/index.php?rest_route=\/wp\/v2\/users\/3"}],"replies":[{"embeddable":true,"href":"https:\/\/www.polskaszkolamanchester.org\/index.php?rest_route=%2Fwp%2Fv2%2Fcomments&post=1460"}],"version-history":[{"count":40,"href":"https:\/\/www.polskaszkolamanchester.org\/index.php?rest_route=\/wp\/v2\/pages\/1460\/revisions"}],"predecessor-version":[{"id":10447,"href":"https:\/\/www.polskaszkolamanchester.org\/index.php?rest_route=\/wp\/v2\/pages\/1460\/revisions\/10447"}],"wp:attachment":[{"href":"https:\/\/www.polskaszkolamanchester.org\/index.php?rest_route=%2Fwp%2Fv2%2Fmedia&parent=1460"}],"curies":[{"name":"wp","href":"https:\/\/api.w.org\/{rel}","templated":true}]}}