{"id":1331,"date":"2013-05-17T22:46:53","date_gmt":"2013-05-17T21:46:53","guid":{"rendered":"http:\/\/www.polskaszkolamanchester.org\/?page_id=1331"},"modified":"2025-06-17T20:10:24","modified_gmt":"2025-06-17T19:10:24","slug":"praca","status":"publish","type":"page","link":"https:\/\/www.polskaszkolamanchester.org\/?page_id=1331","title":{"rendered":"Praca"},"content":{"rendered":"\n<p>Aktualne oferty pracy:<\/p>\n\n\n\n<p>Zg\u0142oszenia prosimy wysy\u0142a\u0107 na adres <strong>rekrutacja<\/strong>@<strong>pssm.org.uk<\/strong><\/p>\n\n\n\n<p>Szczeg\u00f3\u0142y poni\u017cej.<\/p>\n\n\n\n<figure class=\"wp-block-image size-full\"><a href=\"https:\/\/www.polskaszkolamanchester.org\/wp-content\/uploads\/2025\/06\/ogloszenie.png\"><img loading=\"lazy\" decoding=\"async\" width=\"833\" height=\"943\" src=\"https:\/\/www.polskaszkolamanchester.org\/wp-content\/uploads\/2025\/06\/ogloszenie.png\" alt=\"\" class=\"wp-image-10366\" srcset=\"https:\/\/www.polskaszkolamanchester.org\/wp-content\/uploads\/2025\/06\/ogloszenie.png 833w, https:\/\/www.polskaszkolamanchester.org\/wp-content\/uploads\/2025\/06\/ogloszenie-265x300.png 265w, https:\/\/www.polskaszkolamanchester.org\/wp-content\/uploads\/2025\/06\/ogloszenie-768x869.png 768w\" sizes=\"(max-width: 833px) 100vw, 833px\" \/><\/a><\/figure>\n\n\n\n<p><em>aktualizacja 17\/06\/2025<\/em><\/p>\n","protected":false},"excerpt":{"rendered":"<p>Aktualne oferty pracy: Zg\u0142oszenia prosimy wysy\u0142a\u0107 na adres rekrutacja@pssm.org.uk Szczeg\u00f3\u0142y poni\u017cej. aktualizacja 17\/06\/2025<\/p>\n","protected":false},"author":5,"featured_media":0,"parent":0,"menu_order":0,"comment_status":"closed","ping_status":"closed","template":"","meta":{"ngg_post_thumbnail":0,"footnotes":""},"_links":{"self":[{"href":"https:\/\/www.polskaszkolamanchester.org\/index.php?rest_route=\/wp\/v2\/pages\/1331"}],"collection":[{"href":"https:\/\/www.polskaszkolamanchester.org\/index.php?rest_route=\/wp\/v2\/pages"}],"about":[{"href":"https:\/\/www.polskaszkolamanchester.org\/index.php?rest_route=\/wp\/v2\/types\/page"}],"author":[{"embeddable":true,"href":"https:\/\/www.polskaszkolamanchester.org\/index.php?rest_route=\/wp\/v2\/users\/5"}],"replies":[{"embeddable":true,"href":"https:\/\/www.polskaszkolamanchester.org\/index.php?rest_route=%2Fwp%2Fv2%2Fcomments&post=1331"}],"version-history":[{"count":40,"href":"https:\/\/www.polskaszkolamanchester.org\/index.php?rest_route=\/wp\/v2\/pages\/1331\/revisions"}],"predecessor-version":[{"id":10367,"href":"https:\/\/www.polskaszkolamanchester.org\/index.php?rest_route=\/wp\/v2\/pages\/1331\/revisions\/10367"}],"wp:attachment":[{"href":"https:\/\/www.polskaszkolamanchester.org\/index.php?rest_route=%2Fwp%2Fv2%2Fmedia&parent=1331"}],"curies":[{"name":"wp","href":"https:\/\/api.w.org\/{rel}","templated":true}]}}